{"id":6442,"date":"2023-09-29T07:15:38","date_gmt":"2023-09-29T05:15:38","guid":{"rendered":"https:\/\/www.oliopaganelli.it\/?post_type=product&#038;p=5797"},"modified":"2026-02-12T09:08:12","modified_gmt":"2026-02-12T08:08:12","slug":"olio-extra-vergine-di-oliva-100-italiano-biologico","status":"publish","type":"product","link":"https:\/\/www.oliopaganelli.it\/de\/product\/olio-extra-vergine-di-oliva-100-italiano-biologico\/","title":{"rendered":"Natives Oliven\u00f6l extra 100% ITALIENISCH ORGANISCH"},"content":{"rendered":"<p style=\"text-align: justify\">(VON MIPAAF IT BIO 003 AGRICULTURE EU-KONTROLLORGANISATION Nr. GB97 AUTORISIERTE KONTROLLSTELLE)<\/p>\n<p style=\"text-align: justify\">Hergestellt aus m\u00e4\u00dfig reifen Oliven aus einer einzigen Novemberernte. Das Klima und die Erntezeit verleihen unserem zertifizierten BIO-\u00d6l einen delikaten Geschmack, der sich perfekt f\u00fcr die empfindlichsten und raffiniertesten Gaumen eignet.<\/p>\n<p style=\"text-align: justify\">Er passt gut zu einfachen und delikaten Gerichten wie Salaten, gekochtem Fisch, gekochtem Gem\u00fcse, wei\u00dfem Fleisch und Geb\u00e4ck.<\/p>\n<p><img decoding=\"async\" loading=\"lazy\" class=\"alignnone wp-image-6450\" src=\"https:\/\/www.oliopaganelli.it\/wp-content\/uploads\/2023\/07\/16040-300x200.jpg\" alt=\"\" width=\"120\" height=\"80\" srcset=\"https:\/\/www.oliopaganelli.it\/wp-content\/uploads\/2023\/07\/16040-300x200.jpg 300w, https:\/\/www.oliopaganelli.it\/wp-content\/uploads\/2023\/07\/16040.jpg 500w\" sizes=\"(max-width: 120px) 100vw, 120px\" \/><\/p>","protected":false},"excerpt":{"rendered":"<p>Italienisches natives Oliven\u00f6l extra ORGANIC 100%.<\/p>","protected":false},"featured_media":6443,"template":"","meta":[],"product_cat":[325,304],"product_tag":[],"_links":{"self":[{"href":"https:\/\/www.oliopaganelli.it\/de\/wp-json\/wp\/v2\/product\/6442"}],"collection":[{"href":"https:\/\/www.oliopaganelli.it\/de\/wp-json\/wp\/v2\/product"}],"about":[{"href":"https:\/\/www.oliopaganelli.it\/de\/wp-json\/wp\/v2\/types\/product"}],"wp:featuredmedia":[{"embeddable":true,"href":"https:\/\/www.oliopaganelli.it\/de\/wp-json\/wp\/v2\/media\/6443"}],"wp:attachment":[{"href":"https:\/\/www.oliopaganelli.it\/de\/wp-json\/wp\/v2\/media?parent=6442"}],"wp:term":[{"taxonomy":"product_cat","embeddable":true,"href":"https:\/\/www.oliopaganelli.it\/de\/wp-json\/wp\/v2\/product_cat?post=6442"},{"taxonomy":"product_tag","embeddable":true,"href":"https:\/\/www.oliopaganelli.it\/de\/wp-json\/wp\/v2\/product_tag?post=6442"}],"curies":[{"name":"wp","href":"https:\/\/api.w.org\/{rel}","templated":true}]}}