{"id":5777,"date":"2023-09-29T06:59:17","date_gmt":"2023-09-29T04:59:17","guid":{"rendered":"https:\/\/www.oliopaganelli.it\/?post_type=product&#038;p=5777"},"modified":"2026-02-12T09:06:28","modified_gmt":"2026-02-12T08:06:28","slug":"olio-extra-vergine-di-oliva-100-italiano-suavis","status":"publish","type":"product","link":"https:\/\/www.oliopaganelli.it\/de\/product\/olio-extra-vergine-di-oliva-100-italiano-suavis\/","title":{"rendered":"Natives Oliven\u00f6l extra 100% ITALIANO 'SUAVIS'"},"content":{"rendered":"<p>Kampagne 2023\/2024.<\/p>\n<p style=\"text-align: justify\">Normalerweise aus Ende Oktober geernteten Oliven verschiedener Sorten hergestellt. Mit ausgewogenen und komplexen aromatischen Noten, die f\u00fcr alle Gaumen geeignet sind.<br \/>\nEr l\u00e4sst sich leicht mit allen typischen italienischen Gerichten kombinieren. Insbesondere passt er hervorragend zu gekochtem Gem\u00fcse und H\u00fclsenfr\u00fcchten, Suppen und samtigen Suppen, So\u00dfen mit Tomaten, gebratenen Garnelen, Fisch, wei\u00dfem Fleisch, ged\u00fcnstetem Gem\u00fcse, Spargel, Carpaccio, Pesto.<\/p>","protected":false},"excerpt":{"rendered":"<p>Natives Oliven\u00f6l extra 100% ITALIANO \"SUAVIS\".<\/p>","protected":false},"featured_media":5785,"template":"","meta":[],"product_cat":[304],"product_tag":[],"_links":{"self":[{"href":"https:\/\/www.oliopaganelli.it\/de\/wp-json\/wp\/v2\/product\/5777"}],"collection":[{"href":"https:\/\/www.oliopaganelli.it\/de\/wp-json\/wp\/v2\/product"}],"about":[{"href":"https:\/\/www.oliopaganelli.it\/de\/wp-json\/wp\/v2\/types\/product"}],"wp:featuredmedia":[{"embeddable":true,"href":"https:\/\/www.oliopaganelli.it\/de\/wp-json\/wp\/v2\/media\/5785"}],"wp:attachment":[{"href":"https:\/\/www.oliopaganelli.it\/de\/wp-json\/wp\/v2\/media?parent=5777"}],"wp:term":[{"taxonomy":"product_cat","embeddable":true,"href":"https:\/\/www.oliopaganelli.it\/de\/wp-json\/wp\/v2\/product_cat?post=5777"},{"taxonomy":"product_tag","embeddable":true,"href":"https:\/\/www.oliopaganelli.it\/de\/wp-json\/wp\/v2\/product_tag?post=5777"}],"curies":[{"name":"wp","href":"https:\/\/api.w.org\/{rel}","templated":true}]}}