{"id":6681,"date":"2024-09-03T09:14:48","date_gmt":"2024-09-03T07:14:48","guid":{"rendered":"https:\/\/www.oliopaganelli.it\/?page_id=6681"},"modified":"2024-09-03T09:47:04","modified_gmt":"2024-09-03T07:47:04","slug":"cookies-policy-privacy-policy","status":"publish","type":"page","link":"https:\/\/www.oliopaganelli.it\/de\/cookies-policy-privacy-policy\/","title":{"rendered":"Cookies-Richtlinie &amp; Datenschutzrichtlinie"},"content":{"rendered":"<div data-elementor-type=\"wp-page\" data-elementor-id=\"6681\" class=\"elementor elementor-6681\">\n\t\t\t\t\t\t\t\t\t<section class=\"elementor-section elementor-top-section elementor-element elementor-element-7bce0ec elementor-section-boxed elementor-section-height-default elementor-section-height-default qodef-elementor-content-no\" data-id=\"7bce0ec\" data-element_type=\"section\">\n\t\t\t\t\t\t<div class=\"elementor-container elementor-column-gap-default\">\n\t\t\t\t\t<div class=\"elementor-column elementor-col-100 elementor-top-column elementor-element elementor-element-9403604\" data-id=\"9403604\" data-element_type=\"column\">\n\t\t\t<div class=\"elementor-widget-wrap elementor-element-populated\">\n\t\t\t\t\t\t\t\t<div class=\"elementor-element elementor-element-d1d948f elementor-widget elementor-widget-text-editor\" data-id=\"d1d948f\" data-element_type=\"widget\" data-widget_type=\"text-editor.default\">\n\t\t\t\t<div class=\"elementor-widget-container\">\n\t\t\t<style>\/*! elementor - v3.14.0 - 26-06-2023 *\/\n.elementor-widget-text-editor.elementor-drop-cap-view-stacked .elementor-drop-cap{background-color:#69727d;color:#fff}.elementor-widget-text-editor.elementor-drop-cap-view-framed .elementor-drop-cap{color:#69727d;border:3px solid;background-color:transparent}.elementor-widget-text-editor:not(.elementor-drop-cap-view-default) .elementor-drop-cap{margin-top:8px}.elementor-widget-text-editor:not(.elementor-drop-cap-view-default) .elementor-drop-cap-letter{width:1em;height:1em}.elementor-widget-text-editor .elementor-drop-cap{float:left;text-align:center;line-height:1;font-size:50px}.elementor-widget-text-editor .elementor-drop-cap-letter{display:inline-block}<\/style>\t\t\t\t<style>\n    a.cky-banner-element {<br \/>\n        padding: 8px 30px;<br \/>\n        background: #F8F9FA;<br \/>\n        color: #858A8F;<br \/>\n        border: 1px solid #DEE2E6;<br \/>\n        box-sizing: border-box;<br \/>\n        border-radius: 2px;<br \/>\n        cursor: pointer;<br \/>\n}<br \/>\n<\/style>\n<h1 class=\"cookie-policy-h1\">Cookie-Richtlinie<\/h1>\nDatum des Inkrafttretens: 03-Sep-2024\nZuletzt aktualisiert: 03-Sep-2024\n\n&nbsp;\n<h5>Was sind Cookies?<\/h5>\n<div class=\"cookie-policy-p\">\n\nIn dieser Cookie-Richtlinie wird erkl\u00e4rt, was Cookies sind und wie wir sie verwenden, welche Arten von Cookies wir verwenden, welche Informationen wir \u00fcber Cookies sammeln und wie diese Informationen verwendet werden und wie Sie Ihre Cookie-Einstellungen verwalten k\u00f6nnen.\n\nCookies sind kleine Textdateien, die dazu dienen, kleine Informationen zu speichern. Sie werden auf Ihrem Ger\u00e4t gespeichert, wenn die Website \u00fcber Ihren Browser geladen wird. Diese Cookies helfen uns, die Website ordnungsgem\u00e4\u00df zu betreiben, sie sicherer zu machen, die Nutzererfahrung zu verbessern und zu verstehen, wie die Website funktioniert, und zu analysieren, was funktioniert und wo sie verbessert werden muss.\n\n<\/div>\n&nbsp;\n<h5>Wie verwenden wir Cookies?<\/h5>\n<div class=\"cookie-policy-p\">\n<div>Wie die meisten Online-Dienste verwendet auch unsere Website eigene und fremde Cookies f\u00fcr unterschiedliche Zwecke. Eigene Cookies sind meist notwendig, damit die Website ordnungsgem\u00e4\u00df funktioniert, und sammeln keine pers\u00f6nlich identifizierbaren Informationen.<\/div>\n<div><\/div>\n<div>Die auf unserer Website verwendeten Cookies von Drittanbietern dienen in erster Linie dazu, die Leistung der Website zu verstehen, wie Sie mit unserer Website interagieren, unsere Dienste sicher zu halten, Ihnen relevante Werbung zur Verf\u00fcgung zu stellen und, alles in allem, Ihnen eine bessere und verbesserte Benutzererfahrung zu bieten und Ihre zuk\u00fcnftigen Interaktionen mit unserer Website zu beschleunigen.<\/div>\n<\/div>\n&nbsp;\n<h5>Arten von Cookies, die wir verwenden<\/h5>\n<div class=\"cky-audit-table-element\"><\/div>\n&nbsp;\n<h5 style=\"margin-bottom: 20px;\">Verwalten Sie Ihre Cookie-Einstellungen<\/h5>\n<a class=\"cky-banner-element\">Cookie-Einstellungen<\/a>\n<div>\n\nSie k\u00f6nnen Ihre Cookie-Einstellungen jederzeit \u00e4ndern, indem Sie auf die Schaltfl\u00e4che oben klicken. Dadurch k\u00f6nnen Sie das Cookie-Einwilligungsbanner erneut aufrufen und Ihre Einstellungen \u00e4ndern oder Ihre Einwilligung sofort widerrufen.\n\nDar\u00fcber hinaus bieten verschiedene Browser unterschiedliche Methoden zum Blockieren und L\u00f6schen von Cookies, die von Websites verwendet werden. Sie k\u00f6nnen Ihre Browsereinstellungen \u00e4ndern, um Cookies zu blockieren\/l\u00f6schen. Nachstehend finden Sie Links zu Dokumenten, in denen beschrieben wird, wie Sie Cookies in den wichtigsten Webbrowsern verwalten und l\u00f6schen k\u00f6nnen.\n\nChrome: https:\/\/support.google.com\/accounts\/answer\/32050\n\nSafari: https:\/\/support.apple.com\/en-in\/guide\/safari\/sfri11471\/mac\n\nFirefox: https:\/\/support.mozilla.org\/en-US\/kb\/clear-cookies-and-site-data-firefox?redirectslug=delete-cookies-remove-info-websites-stored&amp;redirectlocale=en-US\n\nInternet Explorer: https:\/\/support.microsoft.com\/en-us\/topic\/how-to-delete-cookie-files-in-internet-explorer-bca9446f-d873-78de-77ba-d42645fa52fc\n\nWenn Sie einen anderen Webbrowser verwenden, besuchen Sie bitte die offiziellen Support-Dokumente f\u00fcr Ihren Browser.\n\n<\/div>\n&nbsp;\n<p class=\"cookie-policy-p\">Cookie-Richtlinie Erzeugt von <a href=\"https:\/\/www.cookieyes.com\/?utm_source=CP&amp;utm_medium=footer&amp;utm_campaign=UW\" target=\"_blank\" rel=\"noopener\">CookieYes - Cookie-Richtlinien-Generator<\/a>.<\/p>\t\t\t\t\t\t<\/div>\n\t\t\t\t<\/div>\n\t\t\t\t<div class=\"elementor-element elementor-element-4a126ee elementor-widget-divider--view-line elementor-widget elementor-widget-divider\" data-id=\"4a126ee\" data-element_type=\"widget\" data-widget_type=\"divider.default\">\n\t\t\t\t<div class=\"elementor-widget-container\">\n\t\t\t<style>\/*! elementor - v3.14.0 - 26-06-2023 *\/\n.elementor-widget-divider{--divider-border-style:none;--divider-border-width:1px;--divider-color:#0c0d0e;--divider-icon-size:20px;--divider-element-spacing:10px;--divider-pattern-height:24px;--divider-pattern-size:20px;--divider-pattern-url:none;--divider-pattern-repeat:repeat-x}.elementor-widget-divider .elementor-divider{display:flex}.elementor-widget-divider .elementor-divider__text{font-size:15px;line-height:1;max-width:95%}.elementor-widget-divider .elementor-divider__element{margin:0 var(--divider-element-spacing);flex-shrink:0}.elementor-widget-divider .elementor-icon{font-size:var(--divider-icon-size)}.elementor-widget-divider .elementor-divider-separator{display:flex;margin:0;direction:ltr}.elementor-widget-divider--view-line_icon .elementor-divider-separator,.elementor-widget-divider--view-line_text .elementor-divider-separator{align-items:center}.elementor-widget-divider--view-line_icon .elementor-divider-separator:after,.elementor-widget-divider--view-line_icon .elementor-divider-separator:before,.elementor-widget-divider--view-line_text .elementor-divider-separator:after,.elementor-widget-divider--view-line_text .elementor-divider-separator:before{display:block;content:\"\";border-bottom:0;flex-grow:1;border-top:var(--divider-border-width) var(--divider-border-style) var(--divider-color)}.elementor-widget-divider--element-align-left .elementor-divider .elementor-divider-separator>.elementor-divider__svg:first-of-type{flex-grow:0;flex-shrink:100}.elementor-widget-divider--element-align-left .elementor-divider-separator:before{content:none}.elementor-widget-divider--element-align-left .elementor-divider__element{margin-left:0}.elementor-widget-divider--element-align-right .elementor-divider .elementor-divider-separator>.elementor-divider__svg:last-of-type{flex-grow:0;flex-shrink:100}.elementor-widget-divider--element-align-right .elementor-divider-separator:after{content:none}.elementor-widget-divider--element-align-right .elementor-divider__element{margin-right:0}.elementor-widget-divider:not(.elementor-widget-divider--view-line_text):not(.elementor-widget-divider--view-line_icon) .elementor-divider-separator{border-top:var(--divider-border-width) var(--divider-border-style) var(--divider-color)}.elementor-widget-divider--separator-type-pattern{--divider-border-style:none}.elementor-widget-divider--separator-type-pattern.elementor-widget-divider--view-line .elementor-divider-separator,.elementor-widget-divider--separator-type-pattern:not(.elementor-widget-divider--view-line) .elementor-divider-separator:after,.elementor-widget-divider--separator-type-pattern:not(.elementor-widget-divider--view-line) .elementor-divider-separator:before,.elementor-widget-divider--separator-type-pattern:not([class*=elementor-widget-divider--view]) .elementor-divider-separator{width:100%;min-height:var(--divider-pattern-height);-webkit-mask-size:var(--divider-pattern-size) 100%;mask-size:var(--divider-pattern-size) 100%;-webkit-mask-repeat:var(--divider-pattern-repeat);mask-repeat:var(--divider-pattern-repeat);background-color:var(--divider-color);-webkit-mask-image:var(--divider-pattern-url);mask-image:var(--divider-pattern-url)}.elementor-widget-divider--no-spacing{--divider-pattern-size:auto}.elementor-widget-divider--bg-round{--divider-pattern-repeat:round}.rtl .elementor-widget-divider .elementor-divider__text{direction:rtl}.e-con-inner>.elementor-widget-divider,.e-con>.elementor-widget-divider{width:var(--container-widget-width,100%);--flex-grow:var(--container-widget-flex-grow)}<\/style>\t\t<div class=\"elementor-divider\">\n\t\t\t<span class=\"elementor-divider-separator\">\n\t\t\t\t\t\t<\/span>\n\t\t<\/div>\n\t\t\t\t<\/div>\n\t\t\t\t<\/div>\n\t\t\t\t<div class=\"elementor-element elementor-element-540dfb7 elementor-widget elementor-widget-text-editor\" data-id=\"540dfb7\" data-element_type=\"widget\" data-widget_type=\"text-editor.default\">\n\t\t\t\t<div class=\"elementor-widget-container\">\n\t\t\t\t\t\t\t<h1 class=\"privacy-policy-h1\">Datenschutzbestimmungen<\/h1><p>Zuletzt aktualisiert am 03-Sep-2024<\/p><p>Datum des Inkrafttretens 03-Sep-2024<\/p><p class=\"privacy-policy-p\">Diese Datenschutzrichtlinie beschreibt die Richtlinien von Frantoio Paganelli Benito, Via Felsine 369, Santarcangelo di Romagna, Rimini 47822, Italien, E-Mail: info@oliopaganelli.it, Telefon: +390541629720 \u00fcber die Erfassung, Verwendung und Weitergabe Ihrer Daten, die wir erfassen, wenn Sie unsere Website (https:\/\/www.oliopaganelli.it) nutzen. (der \"Dienst\"). Indem Sie auf den Dienst zugreifen oder ihn nutzen, erkl\u00e4ren Sie sich mit der Erfassung, Verwendung und Weitergabe Ihrer Daten in \u00dcbereinstimmung mit dieser Datenschutzrichtlinie einverstanden. Wenn Sie damit nicht einverstanden sind, unterlassen Sie bitte den Zugriff auf den Dienst oder dessen Nutzung.<\/p><p class=\"privacy-policy-p\">Wir k\u00f6nnen diese Datenschutzrichtlinie jederzeit ohne Vorank\u00fcndigung \u00e4ndern und werden die \u00fcberarbeitete Datenschutzrichtlinie auf dem Dienst ver\u00f6ffentlichen. Die \u00fcberarbeitete Datenschutzrichtlinie tritt 180 Tage nach Ver\u00f6ffentlichung der \u00fcberarbeiteten Datenschutzrichtlinie im Dienst in Kraft, und wenn Sie nach Ablauf dieser Frist weiterhin auf den Dienst zugreifen oder ihn nutzen, erkl\u00e4ren Sie sich mit der \u00fcberarbeiteten Datenschutzrichtlinie einverstanden. Wir empfehlen Ihnen daher, diese Seite regelm\u00e4\u00dfig zu \u00fcberpr\u00fcfen.<\/p><h2 class=\"privacy-policy-h2\">Wir sammeln Informationen:<\/h2><p class=\"privacy-policy-p\">Wir werden die folgenden pers\u00f6nlichen Informationen \u00fcber Sie sammeln und verarbeiten:<\/p><ol><li style=\"list-style-type: none;\"><ol class=\"privacy-policy-ol\"><li>Name<\/li><li>E-Mail<\/li><li>Mobiltelefon<\/li><li>Adresse<\/li><li>Arbeitsadresse<\/li><li>Zahlungsinformationen<\/li><\/ol><\/li><\/ol><h2 class=\"privacy-policy-h2\">Wie wir Ihre Informationen verwenden:<\/h2><p class=\"privacy-policy-p\">Wir werden die \u00fcber Sie gesammelten Informationen f\u00fcr die folgenden Zwecke verwenden:<\/p><ol class=\"privacy-policy-ol\"><li>Erstellung eines Benutzerkontos<\/li><li>Zahlungsabwicklung<\/li><li>Unterst\u00fctzung<\/li><li>Administrative Informationen<\/li><li>Verwaltung von Kundenauftr\u00e4gen<\/li><li>Verwaltung von Benutzerkonten<\/li><\/ol><p class=\"privacy-policy-p\">Wenn wir Ihre Daten f\u00fcr einen anderen Zweck verwenden wollen, werden wir Sie um Ihre Zustimmung bitten und Ihre Daten nur nach Erhalt Ihrer Zustimmung und somit nur f\u00fcr den\/die Zweck(e) verwenden, f\u00fcr den\/die Sie Ihre Zustimmung gegeben haben, es sei denn, wir sind gesetzlich zu etwas anderem verpflichtet.<\/p><h2 class=\"privacy-policy-h2\">Aufbewahrung Ihrer Informationen:<\/h2><p class=\"privacy-policy-p\">Wir bewahren Ihre personenbezogenen Daten bei uns 90 Tage bis 2 Jahre nach Schlie\u00dfung des Benutzerkontos oder so lange auf, wie wir sie ben\u00f6tigen, um die Zwecke zu erf\u00fcllen, f\u00fcr die sie, wie in dieser Datenschutzrichtlinie beschrieben, erfasst wurden. Es kann sein, dass wir bestimmte Daten l\u00e4nger aufbewahren m\u00fcssen, z. B. zur Aufbewahrung von Aufzeichnungen\/Berichten in \u00dcbereinstimmung mit geltendem Recht oder aus anderen legitimen Gr\u00fcnden, wie z. B. zur Durchsetzung gesetzlicher Rechte, zur Betrugsbek\u00e4mpfung usw. Restliche anonyme und zusammengefasste Informationen, die Sie nicht (direkt oder indirekt) identifizieren, k\u00f6nnen auf unbestimmte Zeit gespeichert werden.<\/p><h2 class=\"privacy-policy-h2\">Ihre Rechte:<\/h2><p class=\"privacy-policy-p\">Je nach geltendem Recht haben Sie das Recht auf Zugang zu Ihren personenbezogenen Daten und auf deren Berichtigung oder L\u00f6schung oder das Recht, eine Kopie Ihrer personenbezogenen Daten zu erhalten, die aktive Verarbeitung Ihrer Daten einzuschr\u00e4nken oder ihr zu widersprechen, uns aufzufordern, Ihre personenbezogenen Daten an eine andere Stelle weiterzugeben (zu \u00fcbertragen), eine von Ihnen erteilte Zustimmung zur Verarbeitung Ihrer Daten zu widerrufen, das Recht, eine Beschwerde bei einer gesetzlichen Beh\u00f6rde einzureichen, sowie weitere Rechte, die nach geltendem Recht relevant sein k\u00f6nnen. Um diese Rechte auszu\u00fcben, k\u00f6nnen Sie sich schriftlich an uns wenden: info@oliopaganelli.it. Wir werden Ihre Anfrage in \u00dcbereinstimmung mit dem geltenden Recht beantworten.<\/p><p class=\"privacy-policy-p\">Bitte beachten Sie, dass Sie m\u00f6glicherweise nicht in der Lage sind, auf die Dienste zuzugreifen oder diese zu nutzen, f\u00fcr die Ihre Daten angefordert wurden, wenn Sie uns nicht die Erlaubnis erteilen, die angeforderten personenbezogenen Daten zu sammeln oder zu verarbeiten, oder wenn Sie Ihre Zustimmung zur Verarbeitung f\u00fcr die angeforderten Zwecke zur\u00fcckziehen.<\/p><h2 class=\"privacy-policy-h2\">Cookies usw.<\/h2><p>Wenn Sie mehr dar\u00fcber erfahren m\u00f6chten, wie wir sie verwenden und welche M\u00f6glichkeiten Sie in Bezug auf diese Tracking-Technologien haben, lesen Sie bitte unsere Cookie-Richtlinie.<\/p><h2 class=\"privacy-policy-h2\">Sicherheit:<\/h2><p class=\"privacy-policy-p\">Die Sicherheit Ihrer Daten ist uns wichtig, und wir werden angemessene Sicherheitsma\u00dfnahmen ergreifen, um den Verlust, den Missbrauch oder die unbefugte \u00c4nderung Ihrer Daten unter unserer Kontrolle zu verhindern. In Anbetracht der inh\u00e4renten Risiken k\u00f6nnen wir jedoch keine absolute Sicherheit garantieren. Folglich k\u00f6nnen wir die Sicherheit von Informationen, die Sie uns \u00fcbermitteln, weder gew\u00e4hrleisten noch garantieren, und Sie tun dies auf eigenes Risiko.<\/p><h2 class=\"privacy-policy-h2\">Beschwerde-\/Datenschutzbeauftragter:<\/h2><p class=\"privacy-policy-p\">Wenn Sie Fragen oder Bedenken bez\u00fcglich der Verarbeitung Ihrer Daten haben, die uns zur Verf\u00fcgung stehen, k\u00f6nnen Sie eine E-Mail an unseren Beschwerdemanager bei Frantoio Paganelli Benito senden,<br \/>Via Felsine 369, Santarcangelo di Romagna,<br \/>E-Mail: info@oliopaganelli.it.<br \/>Wir werden Ihr Anliegen im Einklang mit dem geltenden Recht behandeln.<\/p><p class=\"privacy-policy-p\">Datenschutzrichtlinie erstellt mit <a href=\"https:\/\/www.cookieyes.com\/?utm_source=PP&amp;utm_medium=footer&amp;utm_campaign=UW\" target=\"_blank\" rel=\"noopener\">CookieYes<\/a>.<\/p>\t\t\t\t\t\t<\/div>\n\t\t\t\t<\/div>\n\t\t\t\t\t<\/div>\n\t\t<\/div>\n\t\t\t\t\t\t\t<\/div>\n\t\t<\/section>\n\t\t\t\t\t\t\t<\/div>","protected":false},"excerpt":{"rendered":"<p>Cookie-Richtlinie G\u00fcltigkeitsdatum: 03-Sep-2024 Zuletzt aktualisiert: 03-Sep-2024 Was sind Cookies? In dieser Cookie-Richtlinie wird erkl\u00e4rt, was Cookies sind und wie wir sie verwenden, welche Arten von Cookies wir verwenden, welche Informationen wir durch Cookies sammeln und wie diese Informationen verwendet werden, und wie Sie Ihre Cookie-Einstellungen verwalten k\u00f6nnen. I [...]<\/p>","protected":false},"author":1,"featured_media":0,"parent":0,"menu_order":0,"comment_status":"closed","ping_status":"closed","template":"","meta":[],"_links":{"self":[{"href":"https:\/\/www.oliopaganelli.it\/de\/wp-json\/wp\/v2\/pages\/6681"}],"collection":[{"href":"https:\/\/www.oliopaganelli.it\/de\/wp-json\/wp\/v2\/pages"}],"about":[{"href":"https:\/\/www.oliopaganelli.it\/de\/wp-json\/wp\/v2\/types\/page"}],"author":[{"embeddable":true,"href":"https:\/\/www.oliopaganelli.it\/de\/wp-json\/wp\/v2\/users\/1"}],"replies":[{"embeddable":true,"href":"https:\/\/www.oliopaganelli.it\/de\/wp-json\/wp\/v2\/comments?post=6681"}],"version-history":[{"count":13,"href":"https:\/\/www.oliopaganelli.it\/de\/wp-json\/wp\/v2\/pages\/6681\/revisions"}],"predecessor-version":[{"id":6698,"href":"https:\/\/www.oliopaganelli.it\/de\/wp-json\/wp\/v2\/pages\/6681\/revisions\/6698"}],"wp:attachment":[{"href":"https:\/\/www.oliopaganelli.it\/de\/wp-json\/wp\/v2\/media?parent=6681"}],"curies":[{"name":"wp","href":"https:\/\/api.w.org\/{rel}","templated":true}]}}