{"id":1826,"date":"2021-08-05T10:04:48","date_gmt":"2021-08-05T10:04:48","guid":{"rendered":"https:\/\/amfissa.qodeinteractive.com\/?page_id=1826"},"modified":"2023-10-01T19:24:13","modified_gmt":"2023-10-01T17:24:13","slug":"tours-tastings","status":"publish","type":"page","link":"https:\/\/www.oliopaganelli.it\/de\/tours-tastings\/","title":{"rendered":"Gef\u00fchrte Touren"},"content":{"rendered":"<div data-elementor-type=\"wp-page\" data-elementor-id=\"1826\" class=\"elementor elementor-1826\">\n\t\t\t\t\t\t\t\t\t<section class=\"elementor-section elementor-top-section elementor-element elementor-element-06161a6 elementor-section-full_width elementor-section-height-default elementor-section-height-default qodef-elementor-content-no\" data-id=\"06161a6\" data-element_type=\"section\">\n\t\t\t\t\t\t<div class=\"elementor-container elementor-column-gap-default\">\n\t\t\t\t\t<div class=\"elementor-column elementor-col-100 elementor-top-column elementor-element elementor-element-868221f\" data-id=\"868221f\" data-element_type=\"column\">\n\t\t\t<div class=\"elementor-widget-wrap elementor-element-populated\">\n\t\t\t\t\t\t\t\t<div class=\"elementor-element elementor-element-9b99220 elementor-widget elementor-widget-image\" data-id=\"9b99220\" data-element_type=\"widget\" data-widget_type=\"image.default\">\n\t\t\t\t<div class=\"elementor-widget-container\">\n\t\t\t<style>\/*! elementor - v3.14.0 - 26-06-2023 *\/\n.elementor-widget-image{text-align:center}.elementor-widget-image a{display:inline-block}.elementor-widget-image a img[src$=\".svg\"]{width:48px}.elementor-widget-image img{vertical-align:middle;display:inline-block}<\/style>\t\t\t\t\t\t\t\t\t\t\t\t<img decoding=\"async\" width=\"2000\" height=\"850\" src=\"https:\/\/www.oliopaganelli.it\/wp-content\/uploads\/2023\/09\/IMG_20221027_094206_sfoc_cutted.jpg\" class=\"attachment-full size-full wp-image-5525\" alt=\"\" loading=\"lazy\" srcset=\"https:\/\/www.oliopaganelli.it\/wp-content\/uploads\/2023\/09\/IMG_20221027_094206_sfoc_cutted.jpg 2000w, https:\/\/www.oliopaganelli.it\/wp-content\/uploads\/2023\/09\/IMG_20221027_094206_sfoc_cutted-300x128.jpg 300w, https:\/\/www.oliopaganelli.it\/wp-content\/uploads\/2023\/09\/IMG_20221027_094206_sfoc_cutted-1024x435.jpg 1024w, https:\/\/www.oliopaganelli.it\/wp-content\/uploads\/2023\/09\/IMG_20221027_094206_sfoc_cutted-768x326.jpg 768w, https:\/\/www.oliopaganelli.it\/wp-content\/uploads\/2023\/09\/IMG_20221027_094206_sfoc_cutted-1536x653.jpg 1536w, https:\/\/www.oliopaganelli.it\/wp-content\/uploads\/2023\/09\/IMG_20221027_094206_sfoc_cutted-600x255.jpg 600w\" sizes=\"(max-width: 2000px) 100vw, 2000px\" \/>\t\t\t\t\t\t\t\t\t\t\t\t\t\t\t<\/div>\n\t\t\t\t<\/div>\n\t\t\t\t\t<\/div>\n\t\t<\/div>\n\t\t\t\t\t\t\t<\/div>\n\t\t<\/section>\n\t\t\t\t<section class=\"elementor-section elementor-top-section elementor-element elementor-element-7084969 elementor-section-full_width qodef-elementor-content-grid elementor-section-height-default elementor-section-height-default\" data-id=\"7084969\" data-element_type=\"section\">\n\t\t\t\t\t\t<div class=\"elementor-container elementor-column-gap-default\">\n\t\t\t\t\t<div class=\"elementor-column elementor-col-100 elementor-top-column elementor-element elementor-element-68e8b42\" data-id=\"68e8b42\" data-element_type=\"column\">\n\t\t\t<div class=\"elementor-widget-wrap elementor-element-populated\">\n\t\t\t\t\t\t\t\t<div class=\"elementor-element elementor-element-27f981c elementor-widget elementor-widget-amfissa_core_section_title\" data-id=\"27f981c\" data-element_type=\"widget\" data-widget_type=\"amfissa_core_section_title.default\">\n\t\t\t\t<div class=\"elementor-widget-container\">\n\t\t\t<div class=\"qodef-shortcode qodef-m  qodef-section-title qodef-alignment--left\">\n\t\t<h5 class=\"qodef-m-subtitle\" style=\"color: #CC723F\">JETZT BUCHEN<\/h5>\n\t\t<h2 class=\"qodef-m-title\" style=\"color: #000000\">\n\t\t\t\t\tPrivate Besichtigung der \u00d6lm\u00fchle mit Verkostung\t\t\t<\/h2>\n\t\t<p class=\"qodef-m-text\" style=\"color: #575757\">ANERKANNTER LEHRBAUERNHOF SEIT 2004\".<\/p>\n<\/div>\n\t\t<\/div>\n\t\t\t\t<\/div>\n\t\t\t\t<div class=\"elementor-element elementor-element-3e8c4f8 elementor-widget elementor-widget-text-editor\" data-id=\"3e8c4f8\" data-element_type=\"widget\" data-widget_type=\"text-editor.default\">\n\t\t\t\t<div class=\"elementor-widget-container\">\n\t\t\t<style>\/*! elementor - v3.14.0 - 26-06-2023 *\/\n.elementor-widget-text-editor.elementor-drop-cap-view-stacked .elementor-drop-cap{background-color:#69727d;color:#fff}.elementor-widget-text-editor.elementor-drop-cap-view-framed .elementor-drop-cap{color:#69727d;border:3px solid;background-color:transparent}.elementor-widget-text-editor:not(.elementor-drop-cap-view-default) .elementor-drop-cap{margin-top:8px}.elementor-widget-text-editor:not(.elementor-drop-cap-view-default) .elementor-drop-cap-letter{width:1em;height:1em}.elementor-widget-text-editor .elementor-drop-cap{float:left;text-align:center;line-height:1;font-size:50px}.elementor-widget-text-editor .elementor-drop-cap-letter{display:inline-block}<\/style>\t\t\t\t<p><b>Die Besichtigung unserer \u00d6lm\u00fchle ist bei Touristengruppen sehr beliebt, die neben dem Meer auch die Produkte und die Kunst unserer sch\u00f6nen Region kennenlernen m\u00f6chten.<\/b><\/p><p><strong>Familiengruppen - Touristen<\/strong><\/p><p>Dauer des Besuchs ca. 1 \u00bd Stunden, jedoch an Ihre Bed\u00fcrfnisse angepasst.<\/p>\t\t\t\t\t\t<\/div>\n\t\t\t\t<\/div>\n\t\t\t\t<div class=\"elementor-element elementor-element-d428843 elementor-widget elementor-widget-text-editor\" data-id=\"d428843\" data-element_type=\"widget\" data-widget_type=\"text-editor.default\">\n\t\t\t\t<div class=\"elementor-widget-container\">\n\t\t\t\t\t\t\t<p><span style=\"font-size: 18pt;\"><strong>VORGESCHLAGENE LEHRT\u00c4TIGKEIT<\/strong><\/span><\/p><ul><li>Erster Spaziergang im Freien zwischen den Olivenb\u00e4umen: Einf\u00fchrung und Vorstellung des Unternehmens.<\/li><li><strong>Wie wird natives Oliven\u00f6l extra hergestellt?<\/strong> <br \/>Von der Ernte bis zum \u00d6l. Sie werden verstehen, welche Arbeit und Leidenschaft in der Herstellung eines guten \u00d6ls steckt und wie wichtig dieses \u00d6l f\u00fcr unsere Ern\u00e4hrung ist. Die Route, die f\u00fcr alle Altersgruppen geeignet ist, kann dank eines sch\u00f6nen \"Films in der \u00d6lm\u00fchle\" das ganze Jahr \u00fcber durchgef\u00fchrt werden. Die Geschmackswerkstatt. Ein Leitfaden f\u00fcr die Wahrnehmung der angenehmen Empfindungen, die die verschiedenen \u00d6le vermitteln. Unsere Sinne werden uns helfen, ein Qualit\u00e4ts\u00f6l zu erkennen.<\/li><li>Brot und \u00d6l mit unseren extra nativen und aromatisierten Gew\u00fcrzen; <strong>abschlie\u00dfende Nachspeise mit unserem Gew\u00fcrz mit Mandarinengeschmack<\/strong>. Verkostung von unserem Sangiovese f\u00fcr alle.<\/li><li><strong>Endg\u00fcltiger Kosmetiktest!!!<\/strong><\/li><\/ul>\t\t\t\t\t\t<\/div>\n\t\t\t\t<\/div>\n\t\t\t\t<div class=\"elementor-element elementor-element-3d6fe61 elementor-widget elementor-widget-text-editor\" data-id=\"3d6fe61\" data-element_type=\"widget\" data-widget_type=\"text-editor.default\">\n\t\t\t\t<div class=\"elementor-widget-container\">\n\t\t\t\t\t\t\t<p><span style=\"font-size: 18pt;\"><strong>FAMILIEN MIT KINDERN<\/strong><\/span><\/p><p><strong>Von der Ernte zum \u00d6l<\/strong>. Erster Spaziergang zwischen den Olivenb\u00e4umen. Die Kinder werden verstehen, wie ein hervorragendes \u00d6l hergestellt wird und wie wichtig es f\u00fcr unsere Ern\u00e4hrung ist. Eine \"fesselnde\" Geschichte, in der die guten kleinen Soldaten (Antioxidantien) die Oberhand \u00fcber die b\u00f6sen kleinen Soldaten (Sauerstoff) gewinnen. Die Kinder werden mit intuitiven Fragen zu den entscheidenden Schritten im Produktionsprozess angeregt.<\/p><p><strong>Letzte Verkostung<\/strong> der verschiedenen \u00d6le mit Brot; <strong>Brot, Mandarinen-Dressing und Zucker f\u00fcr die Kinder<\/strong>. Unsere Sinne werden uns helfen, alle Merkmale eines Qualit\u00e4ts\u00f6ls zu erkennen und uns zu verdeutlichen, ob \"<em>die guten kleinen Soldaten haben den Krieg gewonnen<\/em>\". Die Kinder werden alle Fragen richtig beantworten und werden \"<em>offizielle Kostproben ihrer Familien<\/em>\".<\/p><p><strong>ENDG\u00dcLTIGES SPIEL<\/strong>Sie m\u00fcssen aromatisierte Gew\u00fcrze allein am Geruch erkennen (Zitrone, Mandarine, usw.). <strong><em>Sangiovese und Kosmetiktest f\u00fcr Eltern<\/em><\/strong>.<\/p>\t\t\t\t\t\t<\/div>\n\t\t\t\t<\/div>\n\t\t\t\t<div class=\"elementor-element elementor-element-afa0c62 elementor-widget-tablet__width-inherit elementor-widget elementor-widget-amfissa_core_button\" data-id=\"afa0c62\" data-element_type=\"widget\" data-widget_type=\"amfissa_core_button.default\">\n\t\t\t\t<div class=\"elementor-widget-container\">\n\t\t\t<a class=\"qodef-shortcode qodef-m  qodef-button qodef-layout--outlined  qodef-html--link\" href=\"https:\/\/www.oliopaganelli.it\/de\/contact-us\/\" target=\"_self\" data-hover-color=\"#FFFFFF\" data-hover-background-color=\"#CC723F\" data-hover-border-color=\"#CC723F\" style=\"color: #CC723F;border-color: #CC723F;font-weight: 600;padding: 19px 36px 19px 36px\">\n\t<span class=\"qodef-m-text\">Kontaktieren Sie uns, um die Tour zu buchen<\/span>\n    <div class=\"qodef-btn-fill-color\" ><\/div>\n<\/a>\n\t\t<\/div>\n\t\t\t\t<\/div>\n\t\t\t\t<div class=\"elementor-element elementor-element-2990024 elementor-widget elementor-widget-video\" data-id=\"2990024\" data-element_type=\"widget\" data-settings=\"{&quot;video_type&quot;:&quot;hosted&quot;,&quot;autoplay&quot;:&quot;yes&quot;,&quot;play_on_mobile&quot;:&quot;yes&quot;,&quot;mute&quot;:&quot;yes&quot;,&quot;loop&quot;:&quot;yes&quot;,&quot;controls&quot;:&quot;yes&quot;}\" data-widget_type=\"video.default\">\n\t\t\t\t<div class=\"elementor-widget-container\">\n\t\t\t<style>\/*! elementor - v3.14.0 - 26-06-2023 *\/\n.elementor-widget-video .elementor-widget-container{overflow:hidden;transform:translateZ(0)}.elementor-widget-video .elementor-wrapper{aspect-ratio:var(--video-aspect-ratio)}.elementor-widget-video .elementor-wrapper iframe,.elementor-widget-video .elementor-wrapper video{height:100%;width:100%;display:flex;border:none;background-color:#000}@supports not (aspect-ratio:1\/1){.elementor-widget-video .elementor-wrapper{position:relative;overflow:hidden;height:0;padding-bottom:calc(100% \/ var(--video-aspect-ratio))}.elementor-widget-video .elementor-wrapper iframe,.elementor-widget-video .elementor-wrapper video{position:absolute;top:0;right:0;bottom:0;left:0}}.elementor-widget-video .elementor-open-inline .elementor-custom-embed-image-overlay{position:absolute;top:0;left:0;width:100%;height:100%;background-size:cover;background-position:50%}.elementor-widget-video .elementor-custom-embed-image-overlay{cursor:pointer;text-align:center}.elementor-widget-video .elementor-custom-embed-image-overlay:hover .elementor-custom-embed-play i{opacity:1}.elementor-widget-video .elementor-custom-embed-image-overlay img{display:block;width:100%}.elementor-widget-video .e-hosted-video .elementor-video{-o-object-fit:cover;object-fit:cover}.e-con-inner>.elementor-widget-video,.e-con>.elementor-widget-video{width:var(--container-widget-width);--flex-grow:var(--container-widget-flex-grow)}<\/style>\t\t<div class=\"e-hosted-video elementor-wrapper elementor-open-inline\">\n\t\t\t\t\t<video class=\"elementor-video\" src=\"https:\/\/www.oliopaganelli.it\/Pal 720.mp4\" autoplay=\"\" loop=\"\" controls=\"\" muted=\"muted\" playsinline=\"\" controlslist=\"nodownload\" poster=\"https:\/\/www.oliopaganelli.it\/wp-content\/uploads\/2023\/08\/thumb_video.jpg\"><\/video>\n\t\t\t\t<\/div>\n\t\t\t\t<\/div>\n\t\t\t\t<\/div>\n\t\t\t\t\t<\/div>\n\t\t<\/div>\n\t\t\t\t\t\t\t<\/div>\n\t\t<\/section>\n\t\t\t\t<section class=\"elementor-section elementor-top-section elementor-element elementor-element-1b079c2 elementor-section-full_width elementor-section-height-default elementor-section-height-default qodef-elementor-content-no\" data-id=\"1b079c2\" data-element_type=\"section\">\n\t\t\t\t\t\t<div class=\"elementor-container elementor-column-gap-default\">\n\t\t\t\t\t<div class=\"elementor-column elementor-col-100 elementor-top-column elementor-element elementor-element-69a0da7\" data-id=\"69a0da7\" data-element_type=\"column\">\n\t\t\t<div class=\"elementor-widget-wrap elementor-element-populated\">\n\t\t\t\t\t\t\t\t<div class=\"elementor-element elementor-element-d2bfb8d elementor-widget elementor-widget-spacer\" data-id=\"d2bfb8d\" data-element_type=\"widget\" data-widget_type=\"spacer.default\">\n\t\t\t\t<div class=\"elementor-widget-container\">\n\t\t\t<style>\/*! elementor - v3.14.0 - 26-06-2023 *\/\n.elementor-column .elementor-spacer-inner{height:var(--spacer-size)}.e-con{--container-widget-width:100%}.e-con-inner>.elementor-widget-spacer,.e-con>.elementor-widget-spacer{width:var(--container-widget-width,var(--spacer-size));--align-self:var(--container-widget-align-self,initial);--flex-shrink:0}.e-con-inner>.elementor-widget-spacer>.elementor-widget-container,.e-con-inner>.elementor-widget-spacer>.elementor-widget-container>.elementor-spacer,.e-con>.elementor-widget-spacer>.elementor-widget-container,.e-con>.elementor-widget-spacer>.elementor-widget-container>.elementor-spacer{height:100%}.e-con-inner>.elementor-widget-spacer>.elementor-widget-container>.elementor-spacer>.elementor-spacer-inner,.e-con>.elementor-widget-spacer>.elementor-widget-container>.elementor-spacer>.elementor-spacer-inner{height:var(--container-widget-height,var(--spacer-size))}<\/style>\t\t<div class=\"elementor-spacer\">\n\t\t\t<div class=\"elementor-spacer-inner\"><\/div>\n\t\t<\/div>\n\t\t\t\t<\/div>\n\t\t\t\t<\/div>\n\t\t\t\t\t<\/div>\n\t\t<\/div>\n\t\t\t\t\t\t\t<\/div>\n\t\t<\/section>\n\t\t\t\t\t\t\t<\/div>","protected":false},"excerpt":{"rendered":"<p>JETZT BUCHEN Private Besichtigung der Oliven\u00f6lm\u00fchle mit Verkostung \"AKZEPTIERTE LEHRFABRIK SEIT 2004\" Der Besuch unserer Oliven\u00f6lm\u00fchle wird von Touristengruppen sehr gesch\u00e4tzt, die neben dem Meer auch an der Entdeckung der Produkte und K\u00fcnste unserer sch\u00f6nen Gegend interessiert sind. Familiengruppen - Touristen Dauer des Besuchs etwa 1 \u00bd Stunden, und [...]<\/p>","protected":false},"author":1,"featured_media":0,"parent":0,"menu_order":0,"comment_status":"closed","ping_status":"closed","template":"page-full-width.php","meta":[],"_links":{"self":[{"href":"https:\/\/www.oliopaganelli.it\/de\/wp-json\/wp\/v2\/pages\/1826"}],"collection":[{"href":"https:\/\/www.oliopaganelli.it\/de\/wp-json\/wp\/v2\/pages"}],"about":[{"href":"https:\/\/www.oliopaganelli.it\/de\/wp-json\/wp\/v2\/types\/page"}],"author":[{"embeddable":true,"href":"https:\/\/www.oliopaganelli.it\/de\/wp-json\/wp\/v2\/users\/1"}],"replies":[{"embeddable":true,"href":"https:\/\/www.oliopaganelli.it\/de\/wp-json\/wp\/v2\/comments?post=1826"}],"version-history":[{"count":70,"href":"https:\/\/www.oliopaganelli.it\/de\/wp-json\/wp\/v2\/pages\/1826\/revisions"}],"predecessor-version":[{"id":6016,"href":"https:\/\/www.oliopaganelli.it\/de\/wp-json\/wp\/v2\/pages\/1826\/revisions\/6016"}],"wp:attachment":[{"href":"https:\/\/www.oliopaganelli.it\/de\/wp-json\/wp\/v2\/media?parent=1826"}],"curies":[{"name":"wp","href":"https:\/\/api.w.org\/{rel}","templated":true}]}}